{"id":614,"date":"2023-08-30T01:25:53","date_gmt":"2023-08-30T01:25:53","guid":{"rendered":"https:\/\/live.21lab.co\/mlab\/?page_id=614"},"modified":"2023-08-30T01:25:53","modified_gmt":"2023-08-30T01:25:53","slug":"get-started","status":"publish","type":"page","link":"https:\/\/startupmarket.vn\/vi\/get-started\/","title":{"rendered":"Y\u00eau c\u1ea7u t\u01b0 v\u1ea5n"},"content":{"rendered":"<div data-elementor-type=\"wp-page\" data-elementor-id=\"614\" class=\"elementor elementor-614\">\n\t\t\t\t\t\t<div class=\"elementor-section elementor-top-section elementor-element elementor-element-21996e5 elementor-section-boxed elementor-section-height-default elementor-section-height-default\" data-id=\"21996e5\" data-element_type=\"section\" data-settings=\"{&quot;background_background&quot;:&quot;classic&quot;}\">\n\t\t\t\t\t\t\t<div class=\"elementor-background-overlay\"><\/div>\n\t\t\t\t\t\t\t<div class=\"elementor-container elementor-column-gap-extended\">\n\t\t\t\t\t<div class=\"elementor-column elementor-col-100 elementor-top-column elementor-element elementor-element-24f4c5a\" data-id=\"24f4c5a\" data-element_type=\"column\">\n\t\t\t<div class=\"elementor-widget-wrap elementor-element-populated\">\n\t\t\t\t\t\t<div class=\"elementor-element elementor-element-218ea84 elementor-widget elementor-widget-heading\" data-id=\"218ea84\" data-element_type=\"widget\" data-widget_type=\"heading.default\">\n\t\t\t\t<div class=\"elementor-widget-container\">\n\t\t\t\t\t<h2 class=\"elementor-heading-title elementor-size-default\">Request a Consultation<\/h2>\t\t\t\t<\/div>\n\t\t\t\t<\/div>\n\t\t\t\t<div class=\"elementor-element elementor-element-285ab25 ctaBox elementor-widget elementor-widget-html\" data-id=\"285ab25\" data-element_type=\"widget\" data-widget_type=\"html.default\">\n\t\t\t\t<div class=\"elementor-widget-container\">\n\t\t\t\t\t<p class=\"grBtn\">\n\t<a class=\"button has-arrow lg\" href=\"#\">Learn More About us<\/a>\n\t<span>...<\/span>\n<\/p>\t\t\t\t<\/div>\n\t\t\t\t<\/div>\n\t\t\t\t<div class=\"elementor-element elementor-element-211ba85 elementor-widget-divider--view-line elementor-widget elementor-widget-divider\" data-id=\"211ba85\" data-element_type=\"widget\" data-widget_type=\"divider.default\">\n\t\t\t\t<div class=\"elementor-widget-container\">\n\t\t\t\t\t\t\t<div class=\"elementor-divider\">\n\t\t\t<span class=\"elementor-divider-separator\">\n\t\t\t\t\t\t<\/span>\n\t\t<\/div>\n\t\t\t\t\t\t<\/div>\n\t\t\t\t<\/div>\n\t\t\t\t<div class=\"elementor-element elementor-element-01c6ce9 style2 pp-contact-form-7-button-custom elementor-widget elementor-widget-pp-contact-form-7\" data-id=\"01c6ce9\" data-element_type=\"widget\" data-widget_type=\"pp-contact-form-7.default\">\n\t\t\t\t<div class=\"elementor-widget-container\">\n\t\t\t\t\t\t\t\t\t<div class=\"pp-contact-form pp-contact-form-7 placeholder-show\">\n\t\t\t\t\t\t\t\t\t\t\n<div class=\"wpcf7 no-js\" id=\"wpcf7-f908-p614-o1\" lang=\"en-US\" dir=\"ltr\" data-wpcf7-id=\"908\">\n<div class=\"screen-reader-response\"><p role=\"status\" aria-live=\"polite\" aria-atomic=\"true\"><\/p> <ul><\/ul><\/div>\n<form action=\"\/vi\/get-started\/#wpcf7-f908-p614-o1\" method=\"post\" class=\"wpcf7-form init cf7mls-no-scroll cf7mls-auto-return-first-step cf7mls-no-moving-animation\" aria-label=\"Contact form\" novalidate=\"novalidate\" data-status=\"init\" data-trp-original-action=\"\/en\/get-started\/#wpcf7-f908-p614-o1\">\n<div style=\"display: none;\">\n<input type=\"hidden\" name=\"_wpcf7\" value=\"908\" \/>\n<input type=\"hidden\" name=\"_wpcf7_version\" value=\"6.0.4\" \/>\n<input type=\"hidden\" name=\"_wpcf7_locale\" value=\"en_US\" \/>\n<input type=\"hidden\" name=\"_wpcf7_unit_tag\" value=\"wpcf7-f908-p614-o1\" \/>\n<input type=\"hidden\" name=\"_wpcf7_container_post\" value=\"614\" \/>\n<input type=\"hidden\" name=\"_wpcf7_posted_data_hash\" value=\"\" \/>\n<\/div>\n<div class=\"fieldset-cf7mls-wrapper\" data-transition-effects><fieldset class=\"fieldset-cf7mls cf7mls_current_fs\"><p class=\"text\">Ngo\u00e0i c\u00e1c d\u1ecbch v\u1ee5 h\u1ed7 tr\u1ee3 Startup ch\u00fang t\u00f4i c\u00f2n t\u01b0 v\u1ea5n c\u00e1 nh\u00e2n \u0111\u1ec3 gi\u1ea3i quy\u1ebft c\u00e1c xung \u0111\u1ed9t trong c\u00e1c m\u1ed1i quan h\u1ec7 v\u00e0 c\u00e1c v\u1ea5n \u0111\u1ec1 trong gia \u0111\u00ecnh ...\n<\/p>\n<div>\n\t<p><span class=\"wpcf7-form-control-wrap\" data-name=\"radio-38\"><span class=\"wpcf7-form-control wpcf7-radio\"><span class=\"wpcf7-list-item first\"><label><input type=\"radio\" name=\"radio-38\" value=\"Banking and Finance\" checked=\"checked\" \/><span class=\"wpcf7-list-item-label\">T\u01b0 v\u1ea5n \u0111\u1ecbnh h\u01b0\u1edbng ngh\u1ec1 nghi\u1ec7p<\/span><\/label><\/span><span class=\"wpcf7-list-item\"><label><input type=\"radio\" name=\"radio-38\" value=\"Healthcare &amp; Life Sciences\" \/><span class=\"wpcf7-list-item-label\">T\u01b0 v\u1ea5n h\u00e0nh tr\u00ecnh th\u00e0nh c\u00f4ng v\u00e0 h\u1ea1nh ph\u00fac<\/span><\/label><\/span><span class=\"wpcf7-list-item\"><label><input type=\"radio\" name=\"radio-38\" value=\"Technology &amp; Software\" \/><span class=\"wpcf7-list-item-label\">T\u01b0 v\u1ea5n h\u00e0n g\u1eafn c\u00e1c m\u1ed1i quan h\u1ec7<\/span><\/label><\/span><span class=\"wpcf7-list-item\"><label><input type=\"radio\" name=\"radio-38\" value=\"Transportation &amp; Logistics\" \/><span class=\"wpcf7-list-item-label\">T\u01b0 v\u1ea5n kh\u1ee7ng ho\u1ea3ng tr\u1ebb v\u1ecb th\u00e0nh ni\u00ean<\/span><\/label><\/span><span class=\"wpcf7-list-item\"><label><input type=\"radio\" name=\"radio-38\" value=\"Ecommerce &amp; Retail\" \/><span class=\"wpcf7-list-item-label\">T\u01b0 v\u1ea5n l\u1ed9 tr\u00ecnh s\u1ef1 nghi\u1ec7p<\/span><\/label><\/span><span class=\"wpcf7-list-item last\"><label><input type=\"radio\" name=\"radio-38\" value=\"Education and Training\" \/><span class=\"wpcf7-list-item-label\">Kh\u00f3a h\u1ecdc online v\u1ec1 l\u1eadp tr\u00ecnh<\/span><\/label><\/span><\/span><\/span>\n\t<\/p>\n<\/div>\n<p><div class=\"cf7mls-btns\"><button type=\"button\" class=\"cf7mls_next cf7mls_btn action-button\" name=\"cf7mls_next\" id=\"cf7mls-next-btn-cf7mls_step-1\">Ok, Let\u2019s Go<img decoding=\"async\" src=\"https:\/\/startupmarket.vn\/wp-content\/plugins\/cf7-multi-step\/assets\/frontend\/img\/loader.svg\" alt=\"Step Loading\" data-lazy-src=\"https:\/\/startupmarket.vn\/wp-content\/plugins\/cf7-multi-step\/assets\/frontend\/img\/loader.svg\" style=\"display: none;\" \/><\/button><\/div><p><\/p><\/fieldset><fieldset class=\"fieldset-cf7mls\">\n<\/p>\n<h3 class=\"form-title\">What type of product do you want to build?\n<\/h3>\n<div>\n\t<p><span class=\"wpcf7-form-control-wrap\" data-name=\"checkbox-995\"><span class=\"wpcf7-form-control wpcf7-checkbox wpcf7-validates-as-required\"><span class=\"wpcf7-list-item first\"><label><input type=\"checkbox\" name=\"checkbox-995[]\" value=\"Marketing and Branding\" \/><span class=\"wpcf7-list-item-label\">Marketing and Branding<\/span><\/label><\/span><span class=\"wpcf7-list-item\"><label><input type=\"checkbox\" name=\"checkbox-995[]\" value=\"Online Payment Solutions\" \/><span class=\"wpcf7-list-item-label\">Online Payment Solutions<\/span><\/label><\/span><span class=\"wpcf7-list-item\"><label><input type=\"checkbox\" name=\"checkbox-995[]\" value=\"Build a Digital Bank\" \/><span class=\"wpcf7-list-item-label\">Build a Digital Bank<\/span><\/label><\/span><span class=\"wpcf7-list-item\"><label><input type=\"checkbox\" name=\"checkbox-995[]\" value=\"Smart Contract Audit\" \/><span class=\"wpcf7-list-item-label\">Smart Contract Audit<\/span><\/label><\/span><span class=\"wpcf7-list-item\"><label><input type=\"checkbox\" name=\"checkbox-995[]\" value=\"Online Invoicing &amp; Billing\" \/><span class=\"wpcf7-list-item-label\">Online Invoicing &amp; Billing<\/span><\/label><\/span><span class=\"wpcf7-list-item last\"><label><input type=\"checkbox\" name=\"checkbox-995[]\" value=\"Trading and Investing\" \/><span class=\"wpcf7-list-item-label\">Trading and Investing<\/span><\/label><\/span><\/span><\/span>\n\t<\/p>\n<\/div>\n<p><div class=\"cf7mls-btns\"><button type=\"button\" class=\"cf7mls_back action-button\" name=\"cf7mls_back\" id=\"cf7mls-back-btn-cf7mls_step-2\">Previous<\/button><button type=\"button\" class=\"cf7mls_next cf7mls_btn action-button\" name=\"cf7mls_next\" id=\"cf7mls-next-btn-cf7mls_step-2\">Ok, Next<img decoding=\"async\" src=\"https:\/\/startupmarket.vn\/wp-content\/plugins\/cf7-multi-step\/assets\/frontend\/img\/loader.svg\" alt=\"Step Loading\" data-lazy-src=\"https:\/\/startupmarket.vn\/wp-content\/plugins\/cf7-multi-step\/assets\/frontend\/img\/loader.svg\" style=\"display: none;\" \/><\/button><\/div><p><\/p><\/fieldset><fieldset class=\"fieldset-cf7mls\">\n<\/p>\n<div class=\"col-6\">\n\t<h3 class=\"form-title\">Your information:\n\t<\/h3>\n\t<div class=\"form-row ui-grid\">\n\t\t<div class=\"field\">\n\t\t\t<p><span class=\"wpcf7-form-control-wrap\" data-name=\"text-262\"><input size=\"40\" maxlength=\"400\" class=\"wpcf7-form-control wpcf7-text wpcf7-validates-as-required\" aria-required=\"true\" aria-invalid=\"false\" placeholder=\"Full Name *\" value=\"\" type=\"text\" name=\"text-262\" \/><\/span>\n\t\t\t<\/p>\n\t\t<\/div>\n\t\t<div class=\"field\">\n\t\t\t<p><span class=\"wpcf7-form-control-wrap\" data-name=\"text-564\"><input size=\"40\" maxlength=\"400\" class=\"wpcf7-form-control wpcf7-text wpcf7-validates-as-required\" aria-required=\"true\" aria-invalid=\"false\" placeholder=\"Organization *\" value=\"\" type=\"text\" name=\"text-564\" \/><\/span>\n\t\t\t<\/p>\n\t\t<\/div>\n\t<\/div>\n\t<div class=\"form-row ui-grid\">\n\t\t<div class=\"field\">\n\t\t\t<p><span class=\"wpcf7-form-control-wrap\" data-name=\"email-79\"><input size=\"40\" maxlength=\"400\" class=\"wpcf7-form-control wpcf7-email wpcf7-validates-as-required wpcf7-text wpcf7-validates-as-email\" aria-required=\"true\" aria-invalid=\"false\" placeholder=\"Work email address *\" value=\"\" type=\"email\" name=\"email-79\" \/><\/span>\n\t\t\t<\/p>\n\t\t<\/div>\n\t\t<div class=\"field\">\n\t\t\t<p><span class=\"wpcf7-form-control-wrap\" data-name=\"tel-285\"><input size=\"40\" maxlength=\"400\" class=\"wpcf7-form-control wpcf7-tel wpcf7-validates-as-required wpcf7-text wpcf7-validates-as-tel\" aria-required=\"true\" aria-invalid=\"false\" placeholder=\"Phone number *\" value=\"\" type=\"tel\" name=\"tel-285\" \/><\/span>\n\t\t\t<\/p>\n\t\t<\/div>\n\t<\/div>\n\t<div class=\"form-row ui-dropdown\">\n\t\t<p><span class=\"wpcf7-form-control-wrap\" data-name=\"menu-801\"><select class=\"wpcf7-form-control wpcf7-select\" aria-invalid=\"false\" name=\"menu-801\"><option value=\"\">&#8212;Please choose an option&#8212;<\/option><option value=\"What is your inquiry about?\">What is your inquiry about?<\/option><option value=\"Fintech Consultant\">Fintech Consultant<\/option><option value=\"Careers\">C\u01a1 h\u1ed9i c\u1ed9ng t\u00e1c<\/option><option value=\"Request Additional Information\">Request Additional Information<\/option><\/select><\/span>\n\t\t<\/p>\n\t<\/div>\n\t<div class=\"form-row\">\n\t\t<p><span class=\"wpcf7-form-control-wrap\" data-name=\"textarea-316\"><textarea cols=\"40\" rows=\"10\" maxlength=\"2000\" class=\"wpcf7-form-control wpcf7-textarea\" aria-invalid=\"false\" placeholder=\"I would like to know about...\" name=\"textarea-316\"><\/textarea><\/span>\n\t\t<\/p>\n\t<\/div>\n\t<div class=\"form-row\">\n\t\t<p><input class=\"wpcf7-form-control wpcf7-submit has-spinner\" type=\"submit\" value=\"Send Message\" \/>\n\t\t<\/p>\n\t<\/div>\n\t<div class=\"form-row\">\n\t\t<p><span class=\"wpcf7-form-control-wrap\" data-name=\"acceptance-710\"><span class=\"wpcf7-form-control wpcf7-acceptance\"><span class=\"wpcf7-list-item\"><label><input type=\"checkbox\" name=\"acceptance-710\" value=\"1\" aria-invalid=\"false\" \/><span class=\"wpcf7-list-item-label\">I agree to receive communications from Linethemesx21lab.<\/span><\/label><\/span><\/span><\/span>\n\t\t<\/p>\n\t<\/div>\n<\/div>\n<p><div class=\"cf7mls-btns cf7mls-btns-last-step\"><button type=\"button\" class=\"cf7mls_back action-button\" name=\"cf7mls_back\" id=\"cf7mls-back-btn-cf7mls_step-3\">Previous<\/button><button type=\"button\" style=\"display: none;\" class=\"cf7mls_next cf7mls_btn action-button\" name=\"cf7mls_next\" id=\"cf7mls-next-btn-cf7mls_step-3\"><img decoding=\"async\" src=\"https:\/\/startupmarket.vn\/wp-content\/plugins\/cf7-multi-step\/assets\/frontend\/img\/loader.svg\" alt=\"Step Loading\" data-lazy-src=\"https:\/\/startupmarket.vn\/wp-content\/plugins\/cf7-multi-step\/assets\/frontend\/img\/loader.svg\" style=\"display: none;\" \/><\/button>\n<\/p><\/fieldset><\/div><div class=\"wpcf7-response-output\" aria-hidden=\"true\"><\/div>\n<input type=\"hidden\" name=\"trp-form-language\" value=\"vi\"\/><\/form>\n<\/div>\n\t\t\t\t<\/div>\n\t\t\t\t\t\t\t\t<\/div>\n\t\t\t\t<\/div>\n\t\t\t\t\t<\/div>\n\t\t<\/div>\n\t\t\t\t\t<\/div>\n\t\t<\/div>\n\t\t\t\t<\/div>","protected":false},"excerpt":{"rendered":"<p>Request a Consultation Learn More About us Here&#8217;s how our fintech advisors can bring your idea to life. Thanks for your interest in LineThemes Fintech Consulting! Before we get started, we&#8217;d like to ask a few questions to better understand your business needs. Banking and FinanceHealthcare &amp; Life SciencesTechnology &amp; SoftwareTransportation &amp; LogisticsEcommerce &amp; RetailEducation [&hellip;]<\/p>","protected":false},"author":1,"featured_media":0,"parent":0,"menu_order":0,"comment_status":"closed","ping_status":"closed","template":"tmpl\/template-fullwidth.php","meta":{"footnotes":""},"class_list":["post-614","page","type-page","status-publish","hentry"],"aioseo_notices":[],"_links":{"self":[{"href":"https:\/\/startupmarket.vn\/vi\/wp-json\/wp\/v2\/pages\/614","targetHints":{"allow":["GET"]}}],"collection":[{"href":"https:\/\/startupmarket.vn\/vi\/wp-json\/wp\/v2\/pages"}],"about":[{"href":"https:\/\/startupmarket.vn\/vi\/wp-json\/wp\/v2\/types\/page"}],"author":[{"embeddable":true,"href":"https:\/\/startupmarket.vn\/vi\/wp-json\/wp\/v2\/users\/1"}],"replies":[{"embeddable":true,"href":"https:\/\/startupmarket.vn\/vi\/wp-json\/wp\/v2\/comments?post=614"}],"version-history":[{"count":0,"href":"https:\/\/startupmarket.vn\/vi\/wp-json\/wp\/v2\/pages\/614\/revisions"}],"wp:attachment":[{"href":"https:\/\/startupmarket.vn\/vi\/wp-json\/wp\/v2\/media?parent=614"}],"curies":[{"name":"wp","href":"https:\/\/api.w.org\/{rel}","templated":true}]}}