{"id":825,"date":"2023-08-31T02:01:06","date_gmt":"2023-08-31T02:01:06","guid":{"rendered":"https:\/\/live.21lab.co\/mlab\/?page_id=825"},"modified":"2025-03-04T16:36:19","modified_gmt":"2025-03-04T09:36:19","slug":"mission-and-vision","status":"publish","type":"page","link":"https:\/\/startupmarket.vn\/vi\/mission-and-vision\/","title":{"rendered":"S\u1ee9 m\u1ec7nh v\u00e0 t\u1ea7m nh\u00ecn"},"content":{"rendered":"<div data-elementor-type=\"wp-page\" data-elementor-id=\"825\" class=\"elementor elementor-825\">\n\t\t\t\t\t\t<div class=\"elementor-section elementor-top-section elementor-element elementor-element-049f392 bgDark elementor-section-boxed elementor-section-height-default elementor-section-height-default\" data-id=\"049f392\" data-element_type=\"section\">\n\t\t\t\t\t\t\t<div class=\"elementor-background-overlay\"><\/div>\n\t\t\t\t\t\t\t<div class=\"elementor-container elementor-column-gap-extended\">\n\t\t\t\t\t<div class=\"elementor-column elementor-col-100 elementor-top-column elementor-element elementor-element-777b3d8\" data-id=\"777b3d8\" data-element_type=\"column\">\n\t\t\t<div class=\"elementor-widget-wrap elementor-element-populated\">\n\t\t\t\t\t\t<div class=\"elementor-element elementor-element-2cfbd2b elementor-widget elementor-widget-heading\" data-id=\"2cfbd2b\" data-element_type=\"widget\" data-widget_type=\"heading.default\">\n\t\t\t\t<div class=\"elementor-widget-container\">\n\t\t\t\t\t<h2 class=\"elementor-heading-title elementor-size-default\">S\u1ee9 m\u1ec7nh, T\u1ea7m nh\u00ecn v\u00e0 c\u00e1c gi\u00e1 tr\u1ecb c\u1ed1t l\u00f5i<\/h2>\t\t\t\t<\/div>\n\t\t\t\t<\/div>\n\t\t\t\t<div class=\"elementor-element elementor-element-3738b6d ctaBox elementor-widget elementor-widget-html\" data-id=\"3738b6d\" data-element_type=\"widget\" data-widget_type=\"html.default\">\n\t\t\t\t<div class=\"elementor-widget-container\">\n\t\t\t\t\t<p class=\"grBtn\">\n\t<a class=\"button has-arrow white lg\" href=\"https:\/\/startupmarket.vn\/vi\/careers\/\">\u0110\u0103ng k\u00fd \u0111\u1ed3ng h\u00e0nh<\/a>\n\t<span>...<\/span>\n<\/p>\t\t\t\t<\/div>\n\t\t\t\t<\/div>\n\t\t\t\t\t<\/div>\n\t\t<\/div>\n\t\t\t\t\t<\/div>\n\t\t<\/div>\n\t\t\t\t<div class=\"elementor-section elementor-top-section elementor-element elementor-element-cab08be elementor-section-boxed elementor-section-height-default elementor-section-height-default\" data-id=\"cab08be\" data-element_type=\"section\">\n\t\t\t\t\t\t<div class=\"elementor-container elementor-column-gap-default\">\n\t\t\t\t\t<div class=\"elementor-column elementor-col-100 elementor-top-column elementor-element elementor-element-ca4a360\" data-id=\"ca4a360\" data-element_type=\"column\">\n\t\t\t<div class=\"elementor-widget-wrap elementor-element-populated\">\n\t\t\t\t\t\t<div class=\"elementor-element elementor-element-4e9b189 elementor-widget elementor-widget-heading\" data-id=\"4e9b189\" data-element_type=\"widget\" data-widget_type=\"heading.default\">\n\t\t\t\t<div class=\"elementor-widget-container\">\n\t\t\t\t\t<h6 class=\"elementor-heading-title elementor-size-default\">Our Values<\/h6>\t\t\t\t<\/div>\n\t\t\t\t<\/div>\n\t\t\t\t<div class=\"elementor-element elementor-element-6cafd3d elementor-widget elementor-widget-heading\" data-id=\"6cafd3d\" data-element_type=\"widget\" data-widget_type=\"heading.default\">\n\t\t\t\t<div class=\"elementor-widget-container\">\n\t\t\t\t\t<h2 class=\"elementor-heading-title elementor-size-default\">Gi\u00e1 tr\u1ecb c\u1ed1t l\u00f5i<\/h2>\t\t\t\t<\/div>\n\t\t\t\t<\/div>\n\t\t\t\t<div class=\"elementor-element elementor-element-9518296 elementor-widget elementor-widget-pp-content-reveal\" data-id=\"9518296\" data-element_type=\"widget\" data-settings=\"{&quot;default_content_state&quot;:&quot;unreveal&quot;}\" data-widget_type=\"pp-content-reveal.default\">\n\t\t\t\t<div class=\"elementor-widget-container\">\n\t\t\t\t\t\t\t<div class=\"pp-content-reveal-content-wrapper\" data-speed=\"0.5\" data-visibility=\"pixels\" data-scroll-top=\"yes\" data-content-height=\"230\">\n\t\t\t<div class=\"pp-content-reveal-content\">\n\t\t\t\t<p><b>D\u1eef li\u1ec7u l\u00e0 s\u1ee9c m\u1ea1nh (Data Driven Decision):<\/b> Ch\u00fang t\u00f4i tin r\u1eb1ng m\u1ecdi quy\u1ebft \u0111\u1ecbnh t\u1ed1t \u0111\u1ec1u b\u1eaft ngu\u1ed3n t\u1eeb d\u1eef li\u1ec7u \u0111\u00e1ng tin c\u1eady.<\/p><p>\u00a0<\/p><p><b>Kh\u00e1ch h\u00e0ng l\u00e0 tr\u1ecdng t\u00e2m (Customer-centric) :<\/b> Lu\u00f4n \u0111\u1eb7t l\u1ee3i \u00edch c\u1ee7a kh\u00e1ch h\u00e0ng l\u00ean h\u00e0ng \u0111\u1ea7u v\u00e0 t\u00f9y ch\u1ec9nh gi\u1ea3i ph\u00e1p ph\u00f9 h\u1ee3p<\/p><p>\u00a0<\/p><p><b>\u0110\u1ed5i m\u1edbi v\u00e0 s\u00e1ng t\u1ea1o (Innovative and creative):<\/b> Kh\u00f4ng ng\u1eebng \u0111\u1ed5i m\u1edbi \u0111\u1ec3 mang l\u1ea1i gi\u00e1 tr\u1ecb cao nh\u1ea5t.<\/p><p>\u00a0<\/p><p><b>\u0110\u1ed3ng h\u00e0nh b\u1ec1n v\u1eefng (companionious and sustainable): <\/b> X\u00e2y d\u1ef1ng m\u1ed1i quan h\u1ec7 l\u00e2u d\u00e0i, d\u1ef1a tr\u00ean s\u1ef1 tin c\u1eady v\u00e0 hi\u1ec7u qu\u1ea3 th\u1ef1c t\u1ebf.<\/p>\t\t\t<\/div>\n\t\t\t\t\t\t\t<div class=\"pp-content-reveal-saparator\"><\/div>\n\t\t\t\t\t<\/div>\n\t\t<div class=\"pp-content-reveal-buttons-wrapper\">\n\t\t\t<div class=\"pp-content-reveal-button-inner elementor-button elementor-size-md pp-button-icon-after\">\n\t\t\t\t<span class=\"pp-content-reveal-button pp-content-reveal-button-open\">\n\t\t\t\t\t<span class=\"pp-content-reveal-button-content\">\n\t\t\t\t\t\t\t\t\t\t\t\t\t<span class=\"pp-button-icon pp-icon\"><svg class=\"e-font-icon-svg e-fas-angle-up\" viewbox=\"0 0 320 512\" xmlns=\"http:\/\/www.w3.org\/2000\/svg\"><path d=\"M177 159.7l136 136c9.4 9.4 9.4 24.6 0 33.9l-22.6 22.6c-9.4 9.4-24.6 9.4-33.9 0L160 255.9l-96.4 96.4c-9.4 9.4-24.6 9.4-33.9 0L7 329.7c-9.4-9.4-9.4-24.6 0-33.9l136-136c9.4-9.5 24.6-9.5 34-.1z\"><\/path><\/svg><\/span>\n\t\t\t\t\t\t\t\t\t\t\t\t\t\t\t\t\t\t\t<span class=\"pp-content-reveal-button-text\">\n\t\t\t\t\t\t\t\tRead Less\t\t\t\t\t\t\t<\/span>\n\t\t\t\t\t\t\t\t\t\t\t<\/span>\n\t\t\t\t<\/span>\n\t\t\t\t<span class=\"pp-content-reveal-button pp-content-reveal-button-closed\">\n\t\t\t\t\t<span class=\"pp-content-reveal-button-content\">\n\t\t\t\t\t\t\t\t\t\t\t\t\t\t\t\t\t\t\t<span class=\"pp-content-reveal-button-text\">\n\t\t\t\t\t\t\t\tRead More\t\t\t\t\t\t\t<\/span>\n\t\t\t\t\t\t\t\t\t\t\t<\/span>\n\t\t\t\t<\/span>\n\t\t\t<\/div>\n\t\t<\/div>\n\t\t\t\t\t\t<\/div>\n\t\t\t\t<\/div>\n\t\t\t\t<div class=\"elementor-element elementor-element-24933f2 pp-info-list-icon-top pp-info-list-stack-mobile pp-info-list-icon-horizontal-center elementor-widget elementor-widget-pp-info-list\" data-id=\"24933f2\" data-element_type=\"widget\" data-widget_type=\"pp-info-list.default\">\n\t\t\t\t<div class=\"elementor-widget-container\">\n\t\t\t\t\t\t\t<div class=\"pp-info-list-container pp-list-container pp-info-list-connector\">\n\t\t\t<ul class=\"pp-list-items\">\n\t\t\t\t\t\t\t\t\t\t\t\t\t\t\t<li class=\"pp-info-list-item\">\n\t\t\t\t\t\t\t\t\t\t\t\t\t\t\t\t\t\t\t\t\t\t<div class=\"pp-info-list-item-inner\">\n\t\t\t\t\t\t\t\t\t\t\t\t<div class=\"pp-infolist-icon-wrapper\">\n\t\t\t\t\t\t\t\t\t\t<span class=\"pp-info-list-image\"><img decoding=\"async\" src=\"https:\/\/startupmarket.vn\/wp-content\/uploads\/2023\/08\/scale.svg\" alt=\"scale\"><\/span>\n\t\t\t\t\t\t\t\t\t<\/div>\n\t\t\t\t\t\t\t\t\t\t\t\t<div class=\"pp-infolist-content-wrapper\">\n\t\t\t\t\t\t\t\t\t\t\t\t\t\t\t\t\t\t\t\t\t<div class=\"pp-info-list-title\">\n\t\t\t\t\t\t\t\t\t\t\t\t\t\t\t\t\t\t\t\t\t\t\tEthics\t\t\t\t\t\t\t\t\t\t\t\t\t\t\t\t\t\t\t\t\t\t<\/div>\n\t\t\t\t\t\t\t\t\t\t\t\t\t\t\t\t\t\t\t\t\t\t\t\t\t\t\t\t\t\t\t<div class=\"pp-info-list-description\">\n\t\t\t\t\t\t\t\t\t\t\t\tCh\u00fang t\u00f4i lu\u00f4n h\u00e0nh \u0111\u1ed9ng v\u1edbi s\u1ef1 ch\u00ednh tr\u1ef1c, t\u1eed t\u1ebf v\u00e0 c\u00f3 \u0111\u1ea1o \u0111\u1ee9c\t\t\t\t\t\t\t\t\t\t\t<\/div>\n\t\t\t\t\t\t\t\t\t\t\t\t\t\t\t\t\t\t\t\t\t\t\t\t\t\t\t\t\t\t<\/div>\n\t\t\t\t\t\t\t\t<\/div>\n\t\t\t\t\t\t\t\t\t\t\t\t\t<\/li>\n\t\t\t\t\t\t\t\t\t\t\t\t\t\t\t\t\t\t\t\t\t<li class=\"pp-info-list-item\">\n\t\t\t\t\t\t\t\t\t\t\t\t\t\t\t\t\t\t\t\t\t\t<div class=\"pp-info-list-item-inner\">\n\t\t\t\t\t\t\t\t\t\t\t\t<div class=\"pp-infolist-icon-wrapper\">\n\t\t\t\t\t\t\t\t\t\t<span class=\"pp-info-list-image\"><img decoding=\"async\" src=\"https:\/\/startupmarket.vn\/wp-content\/uploads\/2023\/08\/watering-plants.svg\" alt=\"watering-plants\"><\/span>\n\t\t\t\t\t\t\t\t\t<\/div>\n\t\t\t\t\t\t\t\t\t\t\t\t<div class=\"pp-infolist-content-wrapper\">\n\t\t\t\t\t\t\t\t\t\t\t\t\t\t\t\t\t\t\t\t\t<div class=\"pp-info-list-title\">\n\t\t\t\t\t\t\t\t\t\t\t\t\t\t\t\t\t\t\t\t\t\t\tInnovation\t\t\t\t\t\t\t\t\t\t\t\t\t\t\t\t\t\t\t\t\t\t<\/div>\n\t\t\t\t\t\t\t\t\t\t\t\t\t\t\t\t\t\t\t\t\t\t\t\t\t\t\t\t\t\t\t<div class=\"pp-info-list-description\">\n\t\t\t\t\t\t\t\t\t\t\t\t\u0110\u1ed5i m\u1edbi \u0111\u1ec3 ph\u1ee5c s\u1ef1 kh\u00e1ch h\u00e0ng, th\u00fac \u0111\u1ea9y t\u0103ng tr\u01b0\u1edfng v\u00e0 chi\u1ebfn th\u1eafng trong m\u00f4i tr\u01b0\u1eddng kinh doanh n\u0103ng \u0111\u1ed9ng\t\t\t\t\t\t\t\t\t\t\t<\/div>\n\t\t\t\t\t\t\t\t\t\t\t\t\t\t\t\t\t\t\t\t\t\t\t\t\t\t\t\t\t\t<\/div>\n\t\t\t\t\t\t\t\t<\/div>\n\t\t\t\t\t\t\t\t\t\t\t\t\t<\/li>\n\t\t\t\t\t\t\t\t\t\t\t\t\t\t\t\t\t\t\t\t\t<li class=\"pp-info-list-item\">\n\t\t\t\t\t\t\t\t\t\t\t\t\t\t\t\t\t\t\t\t\t\t<div class=\"pp-info-list-item-inner\">\n\t\t\t\t\t\t\t\t\t\t\t\t<div class=\"pp-infolist-icon-wrapper\">\n\t\t\t\t\t\t\t\t\t\t<span class=\"pp-info-list-image\"><img decoding=\"async\" src=\"https:\/\/startupmarket.vn\/wp-content\/uploads\/2023\/08\/diamond.svg\" alt=\"diamond\"><\/span>\n\t\t\t\t\t\t\t\t\t<\/div>\n\t\t\t\t\t\t\t\t\t\t\t\t<div class=\"pp-infolist-content-wrapper\">\n\t\t\t\t\t\t\t\t\t\t\t\t\t\t\t\t\t\t\t\t\t<div class=\"pp-info-list-title\">\n\t\t\t\t\t\t\t\t\t\t\t\t\t\t\t\t\t\t\t\t\t\t\tQuality\t\t\t\t\t\t\t\t\t\t\t\t\t\t\t\t\t\t\t\t\t\t<\/div>\n\t\t\t\t\t\t\t\t\t\t\t\t\t\t\t\t\t\t\t\t\t\t\t\t\t\t\t\t\t\t\t<div class=\"pp-info-list-description\">\n\t\t\t\t\t\t\t\t\t\t\t\tCh\u00fang t\u00f4i t\u1eadp trung v\u00e0o k\u1ebft qu\u1ea3 v\u1edbi ch\u1ea5t l\u01b0\u1ee3ng cao nh\u1ea5t c\u00f3 th\u1ec3\t\t\t\t\t\t\t\t\t\t\t<\/div>\n\t\t\t\t\t\t\t\t\t\t\t\t\t\t\t\t\t\t\t\t\t\t\t\t\t\t\t\t\t\t<\/div>\n\t\t\t\t\t\t\t\t<\/div>\n\t\t\t\t\t\t\t\t\t\t\t\t\t<\/li>\n\t\t\t\t\t\t\t\t\t\t\t\t\t<\/ul>\n\t\t<\/div>\n\t\t\t\t\t\t<\/div>\n\t\t\t\t<\/div>\n\t\t\t\t\t<\/div>\n\t\t<\/div>\n\t\t\t\t\t<\/div>\n\t\t<\/div>\n\t\t\t\t<div class=\"elementor-section elementor-top-section elementor-element elementor-element-745cb56 elementor-section-boxed elementor-section-height-default elementor-section-height-default\" data-id=\"745cb56\" data-element_type=\"section\">\n\t\t\t\t\t\t<div class=\"elementor-container elementor-column-gap-extended\">\n\t\t\t\t\t<div class=\"elementor-column elementor-col-50 elementor-top-column elementor-element elementor-element-4c0a100\" data-id=\"4c0a100\" data-element_type=\"column\">\n\t\t\t<div class=\"elementor-widget-wrap elementor-element-populated\">\n\t\t\t\t\t\t<div class=\"elementor-element elementor-element-b40043c elementor-widget elementor-widget-image\" data-id=\"b40043c\" data-element_type=\"widget\" data-widget_type=\"image.default\">\n\t\t\t\t<div class=\"elementor-widget-container\">\n\t\t\t\t\t\t\t\t\t\t\t\t\t\t\t<img fetchpriority=\"high\" decoding=\"async\" width=\"900\" height=\"450\" src=\"https:\/\/startupmarket.vn\/wp-content\/uploads\/2023\/09\/c3-1024x512.jpg\" class=\"attachment-large size-large wp-image-1029\" alt=\"\" srcset=\"https:\/\/startupmarket.vn\/wp-content\/uploads\/2023\/09\/c3-1024x512.jpg 1024w, https:\/\/startupmarket.vn\/wp-content\/uploads\/2023\/09\/c3-300x150.jpg 300w, https:\/\/startupmarket.vn\/wp-content\/uploads\/2023\/09\/c3-768x384.jpg 768w, https:\/\/startupmarket.vn\/wp-content\/uploads\/2023\/09\/c3.jpg 1200w\" sizes=\"(max-width: 900px) 100vw, 900px\" \/>\t\t\t\t\t\t\t\t\t\t\t\t\t\t\t<\/div>\n\t\t\t\t<\/div>\n\t\t\t\t\t<\/div>\n\t\t<\/div>\n\t\t\t\t<div class=\"elementor-column elementor-col-50 elementor-top-column elementor-element elementor-element-d28e1cb\" data-id=\"d28e1cb\" data-element_type=\"column\">\n\t\t\t<div class=\"elementor-widget-wrap elementor-element-populated\">\n\t\t\t\t\t\t<div class=\"elementor-element elementor-element-2f8de27 elementor-widget-divider--view-line elementor-widget elementor-widget-divider\" data-id=\"2f8de27\" data-element_type=\"widget\" data-widget_type=\"divider.default\">\n\t\t\t\t<div class=\"elementor-widget-container\">\n\t\t\t\t\t\t\t<div class=\"elementor-divider\">\n\t\t\t<span class=\"elementor-divider-separator\">\n\t\t\t\t\t\t<\/span>\n\t\t<\/div>\n\t\t\t\t\t\t<\/div>\n\t\t\t\t<\/div>\n\t\t\t\t<div class=\"elementor-element elementor-element-c764d27 elementor-widget elementor-widget-heading\" data-id=\"c764d27\" data-element_type=\"widget\" data-widget_type=\"heading.default\">\n\t\t\t\t<div class=\"elementor-widget-container\">\n\t\t\t\t\t<h6 class=\"elementor-heading-title elementor-size-default\">Our Vision<\/h6>\t\t\t\t<\/div>\n\t\t\t\t<\/div>\n\t\t\t\t<div class=\"elementor-element elementor-element-a2c3e89 elementor-widget elementor-widget-heading\" data-id=\"a2c3e89\" data-element_type=\"widget\" data-widget_type=\"heading.default\">\n\t\t\t\t<div class=\"elementor-widget-container\">\n\t\t\t\t\t<h2 class=\"elementor-heading-title elementor-size-default\">T\u1ea7m nh\u00ecn<\/h2>\t\t\t\t<\/div>\n\t\t\t\t<\/div>\n\t\t\t\t<div class=\"elementor-element elementor-element-e19a0d0 elementor-widget elementor-widget-text-editor\" data-id=\"e19a0d0\" data-element_type=\"widget\" data-widget_type=\"text-editor.default\">\n\t\t\t\t<div class=\"elementor-widget-container\">\n\t\t\t\t\t\t\t\t\t<p>Tr\u1edf th\u00e0nh \u0111\u1ed1i t\u00e1c h\u00e0ng \u0111\u1ea7u c\u1ee7a c\u00e1c Startup t\u1ea1i Vi\u1ec7t Nam, gi\u00fap h\u1ecd ph\u00e1t tri\u1ec3n b\u1ec1n v\u1eefng v\u00e0 th\u00e0nh c\u00f4ng v\u01b0\u1ee3t b\u1eadc th\u00f4ng qua d\u1eef li\u1ec7u, c\u00f4ng ngh\u1ec7, v\u00e0 chi\u1ebfn l\u01b0\u1ee3c \u0111\u1ed9t ph\u00e1.<\/p>\t\t\t\t\t\t\t\t<\/div>\n\t\t\t\t<\/div>\n\t\t\t\t\t<\/div>\n\t\t<\/div>\n\t\t\t\t\t<\/div>\n\t\t<\/div>\n\t\t\t\t<div class=\"elementor-section elementor-top-section elementor-element elementor-element-af4b29c elementor-section-boxed elementor-section-height-default elementor-section-height-default\" data-id=\"af4b29c\" data-element_type=\"section\">\n\t\t\t\t\t\t<div class=\"elementor-container elementor-column-gap-extended\">\n\t\t\t\t\t<div class=\"elementor-column elementor-col-50 elementor-top-column elementor-element elementor-element-5f8377b\" data-id=\"5f8377b\" data-element_type=\"column\">\n\t\t\t<div class=\"elementor-widget-wrap elementor-element-populated\">\n\t\t\t\t\t\t<div class=\"elementor-element elementor-element-7c4a693 elementor-widget elementor-widget-image\" data-id=\"7c4a693\" data-element_type=\"widget\" data-widget_type=\"image.default\">\n\t\t\t\t<div class=\"elementor-widget-container\">\n\t\t\t\t\t\t\t\t\t\t\t\t\t\t\t<img decoding=\"async\" width=\"900\" height=\"450\" src=\"https:\/\/startupmarket.vn\/wp-content\/uploads\/2023\/09\/c6-1024x512.jpg\" class=\"attachment-large size-large wp-image-1036\" alt=\"\" srcset=\"https:\/\/startupmarket.vn\/wp-content\/uploads\/2023\/09\/c6-1024x512.jpg 1024w, https:\/\/startupmarket.vn\/wp-content\/uploads\/2023\/09\/c6-300x150.jpg 300w, https:\/\/startupmarket.vn\/wp-content\/uploads\/2023\/09\/c6-768x384.jpg 768w, https:\/\/startupmarket.vn\/wp-content\/uploads\/2023\/09\/c6.jpg 1200w\" sizes=\"(max-width: 900px) 100vw, 900px\" \/>\t\t\t\t\t\t\t\t\t\t\t\t\t\t\t<\/div>\n\t\t\t\t<\/div>\n\t\t\t\t\t<\/div>\n\t\t<\/div>\n\t\t\t\t<div class=\"elementor-column elementor-col-50 elementor-top-column elementor-element elementor-element-7106a00\" data-id=\"7106a00\" data-element_type=\"column\">\n\t\t\t<div class=\"elementor-widget-wrap elementor-element-populated\">\n\t\t\t\t\t\t<div class=\"elementor-element elementor-element-c1f0773 elementor-widget-divider--view-line elementor-widget elementor-widget-divider\" data-id=\"c1f0773\" data-element_type=\"widget\" data-widget_type=\"divider.default\">\n\t\t\t\t<div class=\"elementor-widget-container\">\n\t\t\t\t\t\t\t<div class=\"elementor-divider\">\n\t\t\t<span class=\"elementor-divider-separator\">\n\t\t\t\t\t\t<\/span>\n\t\t<\/div>\n\t\t\t\t\t\t<\/div>\n\t\t\t\t<\/div>\n\t\t\t\t<div class=\"elementor-element elementor-element-6b664bb elementor-widget elementor-widget-heading\" data-id=\"6b664bb\" data-element_type=\"widget\" data-widget_type=\"heading.default\">\n\t\t\t\t<div class=\"elementor-widget-container\">\n\t\t\t\t\t<h6 class=\"elementor-heading-title elementor-size-default\">Our Mission<\/h6>\t\t\t\t<\/div>\n\t\t\t\t<\/div>\n\t\t\t\t<div class=\"elementor-element elementor-element-7712dfb elementor-widget elementor-widget-heading\" data-id=\"7712dfb\" data-element_type=\"widget\" data-widget_type=\"heading.default\">\n\t\t\t\t<div class=\"elementor-widget-container\">\n\t\t\t\t\t<h2 class=\"elementor-heading-title elementor-size-default\">S\u1ee9 m\u1ec7nh<\/h2>\t\t\t\t<\/div>\n\t\t\t\t<\/div>\n\t\t\t\t<div class=\"elementor-element elementor-element-d092399 elementor-widget elementor-widget-text-editor\" data-id=\"d092399\" data-element_type=\"widget\" data-widget_type=\"text-editor.default\">\n\t\t\t\t<div class=\"elementor-widget-container\">\n\t\t\t\t\t\t\t\t\t<p>D\u1eabn \u0111\u01b0\u1eddng v\u00e0 \u0111\u1ed3ng h\u00e0nh c\u00f9ng c\u00e1c Startup, cung c\u1ea5p gi\u1ea3i ph\u00e1p d\u1eef li\u1ec7u ch\u00ednh x\u00e1c, t\u01b0 v\u1ea5n chuy\u00ean s\u00e2u, v\u00e0 h\u1ed7 tr\u1ee3 ra quy\u1ebft \u0111\u1ecbnh th\u00f4ng minh, gi\u00fap kh\u00e1ch h\u00e0ng t\u1ef1 tin v\u01b0\u1ee3t qua th\u00e1ch th\u1ee9c v\u00e0 n\u1eafm b\u1eaft c\u01a1 h\u1ed9i th\u1ecb tr\u01b0\u1eddng.<\/p>\t\t\t\t\t\t\t\t<\/div>\n\t\t\t\t<\/div>\n\t\t\t\t<div class=\"elementor-element elementor-element-26bd636 elementor-widget elementor-widget-testimonial\" data-id=\"26bd636\" data-element_type=\"widget\" data-widget_type=\"testimonial.default\">\n\t\t\t\t<div class=\"elementor-widget-container\">\n\t\t\t\t\t\t\t<div class=\"elementor-testimonial-wrapper\">\n\t\t\t\t\t\t\t<div class=\"elementor-testimonial-content\">\"The way to get started is to quit talking and begin doing\" <p><p>\n\n\"\u0110\u1ec3 b\u1eaft \u0111\u1ea7u h\u00e3y \u0111\u1eebng n\u00f3i n\u1eefa v\u00e0 b\u1eaft \u0111\u1ea7u h\u00e0nh \u0111\u1ed9ng \u0111i th\u00f4i\"<\/div>\n\t\t\t\n\t\t\t\t\t\t<div class=\"elementor-testimonial-meta\">\n\t\t\t\t<div class=\"elementor-testimonial-meta-inner\">\n\t\t\t\t\t\n\t\t\t\t\t\t\t\t\t\t<div class=\"elementor-testimonial-details\">\n\t\t\t\t\t\t\t\t\t\t\t\t\t\t<div class=\"elementor-testimonial-name\">Jim Rohn<\/div>\n\t\t\t\t\t\t\t\t\t\t\t\t\t\t\t\t\t\t\t<\/div>\n\t\t\t\t\t\t\t\t\t<\/div>\n\t\t\t<\/div>\n\t\t\t\t\t<\/div>\n\t\t\t\t\t\t<\/div>\n\t\t\t\t<\/div>\n\t\t\t\t\t<\/div>\n\t\t<\/div>\n\t\t\t\t\t<\/div>\n\t\t<\/div>\n\t\t\t\t<div class=\"elementor-section elementor-top-section elementor-element elementor-element-5118350 elementor-section-boxed elementor-section-height-default elementor-section-height-default\" data-id=\"5118350\" data-element_type=\"section\" data-settings=\"{&quot;background_background&quot;:&quot;classic&quot;}\">\n\t\t\t\t\t\t\t<div class=\"elementor-background-overlay\"><\/div>\n\t\t\t\t\t\t\t<div class=\"elementor-container elementor-column-gap-extended\">\n\t\t\t\t\t<div class=\"elementor-column elementor-col-50 elementor-top-column elementor-element elementor-element-e81899d\" data-id=\"e81899d\" data-element_type=\"column\">\n\t\t\t<div class=\"elementor-widget-wrap elementor-element-populated\">\n\t\t\t\t\t\t<div class=\"elementor-element elementor-element-0268937 elementor-widget elementor-widget-spacer\" data-id=\"0268937\" data-element_type=\"widget\" data-widget_type=\"spacer.default\">\n\t\t\t\t<div class=\"elementor-widget-container\">\n\t\t\t\t\t\t\t<div class=\"elementor-spacer\">\n\t\t\t<div class=\"elementor-spacer-inner\"><\/div>\n\t\t<\/div>\n\t\t\t\t\t\t<\/div>\n\t\t\t\t<\/div>\n\t\t\t\t\t<\/div>\n\t\t<\/div>\n\t\t\t\t<div class=\"elementor-column elementor-col-50 elementor-top-column elementor-element elementor-element-047c19d\" data-id=\"047c19d\" data-element_type=\"column\">\n\t\t\t<div class=\"elementor-widget-wrap elementor-element-populated\">\n\t\t\t\t\t\t<div class=\"elementor-element elementor-element-d63d27a elementor-widget elementor-widget-heading\" data-id=\"d63d27a\" data-element_type=\"widget\" data-widget_type=\"heading.default\">\n\t\t\t\t<div class=\"elementor-widget-container\">\n\t\t\t\t\t<h6 class=\"elementor-heading-title elementor-size-default\">Our Partner Ecosystem<\/h6>\t\t\t\t<\/div>\n\t\t\t\t<\/div>\n\t\t\t\t<div class=\"elementor-element elementor-element-1134e18 elementor-widget elementor-widget-heading\" data-id=\"1134e18\" data-element_type=\"widget\" data-widget_type=\"heading.default\">\n\t\t\t\t<div class=\"elementor-widget-container\">\n\t\t\t\t\t<h2 class=\"elementor-heading-title elementor-size-default\">H\u1ec7 sinh th\u00e1i c\u1ed9ng t\u00e1c c\u1ee7a ch\u00fang t\u00f4i g\u1ed3m c\u00e1c chuy\u00ean gia d\u1eabn \u0111\u1ea7u th\u1ecb tr\u01b0\u1eddng k\u1ebft h\u1ee3p v\u1edbi s\u1ef1 \u0111\u1ed3ng h\u00e0nh v\u00e0 cam k\u1ebft c\u1ee7a Startup Compass h\u01b0\u1edbng \u0111\u1ebfn t\u01b0\u01a1ng lai h\u1ee9a h\u1eb9n v\u00e0 th\u00e0nh c\u00f4ng.<\/h2>\t\t\t\t<\/div>\n\t\t\t\t<\/div>\n\t\t\t\t<div class=\"elementor-element elementor-element-bfadc8f elementor-widget elementor-widget-text-editor\" data-id=\"bfadc8f\" data-element_type=\"widget\" data-widget_type=\"text-editor.default\">\n\t\t\t\t<div class=\"elementor-widget-container\">\n\t\t\t\t\t\t\t\t\t<a href=\"#\" class=\"link\">\u0110\u0103ng k\u00fd \u0111\u1ed3ng h\u00e0nh Click here<\/a>\t\t\t\t\t\t\t\t<\/div>\n\t\t\t\t<\/div>\n\t\t\t\t\t<\/div>\n\t\t<\/div>\n\t\t\t\t\t<\/div>\n\t\t<\/div>\n\t\t\t\t<\/div>","protected":false},"excerpt":{"rendered":"<p>Vision, Mission and Values Talk to our Experts Here&#8217;s how our fintech advisors can bring your idea to life. Our Value The value we provide to our customers &amp; our markets We are an organisation, driven by values. A company which is run by its values is a company which will always achieve its goals. [&hellip;]<\/p>","protected":false},"author":1,"featured_media":0,"parent":0,"menu_order":0,"comment_status":"closed","ping_status":"closed","template":"tmpl\/template-fullwidth.php","meta":{"footnotes":""},"class_list":["post-825","page","type-page","status-publish","hentry"],"aioseo_notices":[],"_links":{"self":[{"href":"https:\/\/startupmarket.vn\/vi\/wp-json\/wp\/v2\/pages\/825","targetHints":{"allow":["GET"]}}],"collection":[{"href":"https:\/\/startupmarket.vn\/vi\/wp-json\/wp\/v2\/pages"}],"about":[{"href":"https:\/\/startupmarket.vn\/vi\/wp-json\/wp\/v2\/types\/page"}],"author":[{"embeddable":true,"href":"https:\/\/startupmarket.vn\/vi\/wp-json\/wp\/v2\/users\/1"}],"replies":[{"embeddable":true,"href":"https:\/\/startupmarket.vn\/vi\/wp-json\/wp\/v2\/comments?post=825"}],"version-history":[{"count":25,"href":"https:\/\/startupmarket.vn\/vi\/wp-json\/wp\/v2\/pages\/825\/revisions"}],"predecessor-version":[{"id":1766,"href":"https:\/\/startupmarket.vn\/vi\/wp-json\/wp\/v2\/pages\/825\/revisions\/1766"}],"wp:attachment":[{"href":"https:\/\/startupmarket.vn\/vi\/wp-json\/wp\/v2\/media?parent=825"}],"curies":[{"name":"wp","href":"https:\/\/api.w.org\/{rel}","templated":true}]}}